{"id":11,"date":"2021-05-21T11:27:43","date_gmt":"2021-05-21T11:27:43","guid":{"rendered":"https:\/\/shop.weingut-am-markt.de\/?page_id=11"},"modified":"2022-02-17T22:36:06","modified_gmt":"2022-02-17T21:36:06","slug":"imprint","status":"publish","type":"page","link":"https:\/\/shop.weingut-am-markt.de\/de\/imprint\/","title":{"rendered":"Impressum"},"content":{"rendered":"<h2>Angaben gem\u00e4\u00df \u00a7 5 TMG<\/h2>\n<p>Annette Lang<br \/>\nWeingut am Markt<br \/>\nAm Markt 2<br \/>\n67595 Bechtheim<\/p>\n<h2>Kontakt<\/h2>\n<p>Telefon: (0 62 42) 504927<br \/>\nTelefax: (0 6 2 42) 504928<br \/>\nE-Mail: kontakt@weingut-am-markt.de<\/p>\n<h2>Umsatzsteuer-ID<\/h2>\n<p>Umsatzsteuer-Identifikationsnummer gem\u00e4\u00df \u00a727 a Umsatzsteuergesetz:<br \/>\nDE 237 699347<\/p>\n<h2>Aufsichtsbeh\u00f6rde<\/h2>\n<p>Ministerium f\u00fcr Wirtschaft, Verkehr, Landwirtschaft und Weinbau<br \/>\nStiftstra\u00dfe 9, D-55116 Mainz<\/p>\n<p><a href=\"https:\/\/mwvlw.rlp.de\/de\/startseite\/\" target=\"_blank\" rel=\"noopener noreferrer\">https:\/\/mwvlw.rlp.de\/de\/startseite\/<\/a><\/p>\n<h2>Berufsbezeichnung und berufsrechtliche Regelungen<\/h2>\n<p>Berufsbezeichnung: Dipl. Ing. Weinbau<br \/>\nZust\u00e4ndige Kammer: Landwirtschaftskammer Rheinland-Pfalz<br \/>\nEs gelten folgende berufsrechtliche Regelungen: Weingesetz<br \/>\nRegelungen einsehbar unter: <a href=\"https:\/\/www.lwk-rlp.de\/de\/alle-informationen-zur-landwirtschaft-und-weinbau-in-rheinland-pfalz\/\" target=\"_blank\" rel=\"noopener noreferrer\">https:\/\/www.lwk-rlp.de\/de\/alle-informationen-zur-landwirtschaft-und-weinbau-in-rheinland-pfalz\/<\/a><\/p>\n<h2>Verantwortlich f\u00fcr den Inhalt nach \u00a7 55 Abs. 2 RStV<\/h2>\n<p>Annette Lang, Weingut am Markt Am Markt 2, 67595 Bechtheim<\/p>\n<p>Wir sind nicht bereit oder verpflichtet, an Streitbeilegungsverfahren vor einer Verbraucherschlichtungsstelle teilzunehmen.<\/p>\n<h3>Haftung f\u00fcr Inhalte<\/h3>\n<p>Als Diensteanbieter sind wir gem\u00e4\u00df \u00a7 7 Abs.1 TMG f\u00fcr eigene Inhalte auf diesen Seiten nach den allgemeinen Gesetzen verantwortlich. Nach \u00a7\u00a7 8 bis 10 TMG sind wir als Diensteanbieter jedoch nicht verpflichtet, \u00fcbermittelte oder gespeicherte fremde Informationen zu \u00fcberwachen oder nach Umst\u00e4nden zu forschen, die auf eine rechtswidrige T\u00e4tigkeit hinweisen.<\/p>\n<p>Verpflichtungen zur Entfernung oder Sperrung der Nutzung von Informationen nach den allgemeinen Gesetzen bleiben hiervon unber\u00fchrt. Eine diesbez\u00fcgliche Haftung ist jedoch erst ab dem Zeitpunkt der Kenntnis einer konkreten Rechtsverletzung m\u00f6glich. Bei Bekanntwerden von entsprechenden Rechtsverletzungen werden wir diese Inhalte umgehend entfernen.<\/p>\n<h3>Haftung f\u00fcr Links<\/h3>\n<p>Unser Angebot enth\u00e4lt Links zu externen Websites Dritter, auf deren Inhalte wir keinen Einfluss haben. Deshalb k\u00f6nnen wir f\u00fcr diese fremden Inhalte auch keine Gew\u00e4hr \u00fcbernehmen. F\u00fcr die Inhalte der verlinkten Seiten ist stets der jeweilige Anbieter oder Betreiber der Seiten verantwortlich. Die verlinkten Seiten wurden zum Zeitpunkt der Verlinkung auf m\u00f6gliche Rechtsverst\u00f6\u00dfe \u00fcberpr\u00fcft. Rechtswidrige Inhalte waren zum Zeitpunkt der Verlinkung nicht erkennbar.<\/p>\n<p>Eine permanente inhaltliche Kontrolle der verlinkten Seiten ist jedoch ohne konkrete Anhaltspunkte einer Rechtsverletzung nicht zumutbar. Bei Bekanntwerden von Rechtsverletzungen werden wir derartige Links umgehend entfernen.<\/p>\n<h3>Urheberrecht<\/h3>\n<p>Die durch die Seitenbetreiber erstellten Inhalte und Werke auf diesen Seiten unterliegen dem deutschen Urheberrecht. Die Vervielf\u00e4ltigung, Bearbeitung, Verbreitung und jede Art der Verwertung au\u00dferhalb der Grenzen des Urheberrechtes bed\u00fcrfen der schriftlichen Zustimmung des jeweiligen Autors bzw. Erstellers. Downloads und Kopien dieser Seite sind nur f\u00fcr den privaten, nicht kommerziellen Gebrauch gestattet.<\/p>\n<p>Soweit die Inhalte auf dieser Seite nicht vom Betreiber erstellt wurden, werden die Urheberrechte Dritter beachtet. Insbesondere werden Inhalte Dritter als solche gekennzeichnet. Sollten Sie trotzdem auf eine Urheberrechtsverletzung aufmerksam werden, bitten wir um einen entsprechenden Hinweis. Bei Bekanntwerden von Rechtsverletzungen werden wir derartige Inhalte umgehend entfernen.<\/p>\n<p>Quelle: <a href=\"https:\/\/www.e-recht24.de\">https:\/\/www.e-recht24.de<\/a><\/p>\n<h2>Gestaltung und Entwicklung<\/h2>\n<p>Florian Lang<br \/>\nWeingut am Markt<br \/>\nAm Markt 2<br \/>\n67595 Bechtheim<br \/>\nflorian.lang@weingut-am-markt.de<\/p>","protected":false},"excerpt":{"rendered":"<p>Angaben gem\u00e4\u00df \u00a7 5 TMG Annette Lang Weingut am Markt Am Markt 2 67595 Bechtheim Kontakt Telefon: (0 62 42) 504927 Telefax: (0 6 2 42) 504928 E-Mail: kontakt@weingut-am-markt.de Umsatzsteuer-ID Umsatzsteuer-Identifikationsnummer gem\u00e4\u00df \u00a727 a Umsatzsteuergesetz: DE 237 699347 Aufsichtsbeh\u00f6rde Ministerium f\u00fcr Wirtschaft, Verkehr, Landwirtschaft und Weinbau Stiftstra\u00dfe 9, D-55116 Mainz https:\/\/mwvlw.rlp.de\/de\/startseite\/ Berufsbezeichnung und berufsrechtliche Regelungen [&hellip;]<\/p>","protected":false},"author":1,"featured_media":0,"parent":0,"menu_order":0,"comment_status":"closed","ping_status":"closed","template":"","meta":{"footnotes":""},"class_list":["post-11","page","type-page","status-publish","hentry"],"yoast_head":"<!-- This site is optimized with the Yoast SEO plugin v27.4 - https:\/\/yoast.com\/product\/yoast-seo-wordpress\/ -->\n<title>Imprint - Weingut am Markt<\/title>\n<meta name=\"robots\" content=\"index, follow, max-snippet:-1, max-image-preview:large, max-video-preview:-1\" \/>\n<link rel=\"canonical\" href=\"https:\/\/shop.weingut-am-markt.de\/de\/imprint\/\" \/>\n<meta property=\"og:locale\" content=\"de_DE\" \/>\n<meta property=\"og:type\" content=\"article\" \/>\n<meta property=\"og:title\" content=\"Imprint - Weingut am Markt\" \/>\n<meta property=\"og:description\" content=\"Angaben gem\u00e4\u00df \u00a7 5 TMG Annette Lang Weingut am Markt Am Markt 2 67595 Bechtheim Kontakt Telefon: (0 62 42) 504927 Telefax: (0 6 2 42) 504928 E-Mail: kontakt@weingut-am-markt.de Umsatzsteuer-ID Umsatzsteuer-Identifikationsnummer gem\u00e4\u00df \u00a727 a Umsatzsteuergesetz: DE 237 699347 Aufsichtsbeh\u00f6rde Ministerium f\u00fcr Wirtschaft, Verkehr, Landwirtschaft und Weinbau Stiftstra\u00dfe 9, D-55116 Mainz https:\/\/mwvlw.rlp.de\/de\/startseite\/ Berufsbezeichnung und berufsrechtliche Regelungen [&hellip;]\" \/>\n<meta property=\"og:url\" content=\"https:\/\/shop.weingut-am-markt.de\/de\/imprint\/\" \/>\n<meta property=\"og:site_name\" content=\"Weingut am Markt\" \/>\n<meta property=\"article:modified_time\" content=\"2022-02-17T21:36:06+00:00\" \/>\n<meta name=\"twitter:card\" content=\"summary_large_image\" \/>\n<meta name=\"twitter:label1\" content=\"Gesch\u00e4tzte Lesezeit\" \/>\n\t<meta name=\"twitter:data1\" content=\"3\u00a0Minuten\" \/>\n<script type=\"application\/ld+json\" class=\"yoast-schema-graph\">{\"@context\":\"https:\\\/\\\/schema.org\",\"@graph\":[{\"@type\":\"WebPage\",\"@id\":\"https:\\\/\\\/shop.weingut-am-markt.de\\\/imprint\\\/\",\"url\":\"https:\\\/\\\/shop.weingut-am-markt.de\\\/imprint\\\/\",\"name\":\"Imprint - Weingut am Markt\",\"isPartOf\":{\"@id\":\"https:\\\/\\\/shop.weingut-am-markt.de\\\/#website\"},\"datePublished\":\"2021-05-21T11:27:43+00:00\",\"dateModified\":\"2022-02-17T21:36:06+00:00\",\"breadcrumb\":{\"@id\":\"https:\\\/\\\/shop.weingut-am-markt.de\\\/imprint\\\/#breadcrumb\"},\"inLanguage\":\"de\",\"potentialAction\":[{\"@type\":\"ReadAction\",\"target\":[\"https:\\\/\\\/shop.weingut-am-markt.de\\\/imprint\\\/\"]}]},{\"@type\":\"BreadcrumbList\",\"@id\":\"https:\\\/\\\/shop.weingut-am-markt.de\\\/imprint\\\/#breadcrumb\",\"itemListElement\":[{\"@type\":\"ListItem\",\"position\":1,\"name\":\"Startseite\",\"item\":\"https:\\\/\\\/shop.weingut-am-markt.de\\\/\"},{\"@type\":\"ListItem\",\"position\":2,\"name\":\"Imprint\"}]},{\"@type\":\"WebSite\",\"@id\":\"https:\\\/\\\/shop.weingut-am-markt.de\\\/#website\",\"url\":\"https:\\\/\\\/shop.weingut-am-markt.de\\\/\",\"name\":\"Weingut am Markt\",\"description\":\"Online Shop\",\"publisher\":{\"@id\":\"https:\\\/\\\/shop.weingut-am-markt.de\\\/#organization\"},\"potentialAction\":[{\"@type\":\"SearchAction\",\"target\":{\"@type\":\"EntryPoint\",\"urlTemplate\":\"https:\\\/\\\/shop.weingut-am-markt.de\\\/?s={search_term_string}\"},\"query-input\":{\"@type\":\"PropertyValueSpecification\",\"valueRequired\":true,\"valueName\":\"search_term_string\"}}],\"inLanguage\":\"de\"},{\"@type\":\"Organization\",\"@id\":\"https:\\\/\\\/shop.weingut-am-markt.de\\\/#organization\",\"name\":\"Weingut am Markt\",\"url\":\"https:\\\/\\\/shop.weingut-am-markt.de\\\/\",\"logo\":{\"@type\":\"ImageObject\",\"inLanguage\":\"de\",\"@id\":\"https:\\\/\\\/shop.weingut-am-markt.de\\\/#\\\/schema\\\/logo\\\/image\\\/\",\"url\":\"https:\\\/\\\/shop.weingut-am-markt.de\\\/wp-content\\\/uploads\\\/2021\\\/10\\\/cropped-WAM-schwarz-only-icon-1.png\",\"contentUrl\":\"https:\\\/\\\/shop.weingut-am-markt.de\\\/wp-content\\\/uploads\\\/2021\\\/10\\\/cropped-WAM-schwarz-only-icon-1.png\",\"width\":512,\"height\":512,\"caption\":\"Weingut am Markt\"},\"image\":{\"@id\":\"https:\\\/\\\/shop.weingut-am-markt.de\\\/#\\\/schema\\\/logo\\\/image\\\/\"}}]}<\/script>\n<!-- \/ Yoast SEO plugin. -->","yoast_head_json":{"title":"Imprint - Weingut am Markt","robots":{"index":"index","follow":"follow","max-snippet":"max-snippet:-1","max-image-preview":"max-image-preview:large","max-video-preview":"max-video-preview:-1"},"canonical":"https:\/\/shop.weingut-am-markt.de\/de\/imprint\/","og_locale":"de_DE","og_type":"article","og_title":"Imprint - Weingut am Markt","og_description":"Angaben gem\u00e4\u00df \u00a7 5 TMG Annette Lang Weingut am Markt Am Markt 2 67595 Bechtheim Kontakt Telefon: (0 62 42) 504927 Telefax: (0 6 2 42) 504928 E-Mail: kontakt@weingut-am-markt.de Umsatzsteuer-ID Umsatzsteuer-Identifikationsnummer gem\u00e4\u00df \u00a727 a Umsatzsteuergesetz: DE 237 699347 Aufsichtsbeh\u00f6rde Ministerium f\u00fcr Wirtschaft, Verkehr, Landwirtschaft und Weinbau Stiftstra\u00dfe 9, D-55116 Mainz https:\/\/mwvlw.rlp.de\/de\/startseite\/ Berufsbezeichnung und berufsrechtliche Regelungen [&hellip;]","og_url":"https:\/\/shop.weingut-am-markt.de\/de\/imprint\/","og_site_name":"Weingut am Markt","article_modified_time":"2022-02-17T21:36:06+00:00","twitter_card":"summary_large_image","twitter_misc":{"Gesch\u00e4tzte Lesezeit":"3\u00a0Minuten"},"schema":{"@context":"https:\/\/schema.org","@graph":[{"@type":"WebPage","@id":"https:\/\/shop.weingut-am-markt.de\/imprint\/","url":"https:\/\/shop.weingut-am-markt.de\/imprint\/","name":"Imprint - Weingut am Markt","isPartOf":{"@id":"https:\/\/shop.weingut-am-markt.de\/#website"},"datePublished":"2021-05-21T11:27:43+00:00","dateModified":"2022-02-17T21:36:06+00:00","breadcrumb":{"@id":"https:\/\/shop.weingut-am-markt.de\/imprint\/#breadcrumb"},"inLanguage":"de","potentialAction":[{"@type":"ReadAction","target":["https:\/\/shop.weingut-am-markt.de\/imprint\/"]}]},{"@type":"BreadcrumbList","@id":"https:\/\/shop.weingut-am-markt.de\/imprint\/#breadcrumb","itemListElement":[{"@type":"ListItem","position":1,"name":"Startseite","item":"https:\/\/shop.weingut-am-markt.de\/"},{"@type":"ListItem","position":2,"name":"Imprint"}]},{"@type":"WebSite","@id":"https:\/\/shop.weingut-am-markt.de\/#website","url":"https:\/\/shop.weingut-am-markt.de\/","name":"Weingut am Markt","description":"Online Shop","publisher":{"@id":"https:\/\/shop.weingut-am-markt.de\/#organization"},"potentialAction":[{"@type":"SearchAction","target":{"@type":"EntryPoint","urlTemplate":"https:\/\/shop.weingut-am-markt.de\/?s={search_term_string}"},"query-input":{"@type":"PropertyValueSpecification","valueRequired":true,"valueName":"search_term_string"}}],"inLanguage":"de"},{"@type":"Organization","@id":"https:\/\/shop.weingut-am-markt.de\/#organization","name":"Weingut am Markt","url":"https:\/\/shop.weingut-am-markt.de\/","logo":{"@type":"ImageObject","inLanguage":"de","@id":"https:\/\/shop.weingut-am-markt.de\/#\/schema\/logo\/image\/","url":"https:\/\/shop.weingut-am-markt.de\/wp-content\/uploads\/2021\/10\/cropped-WAM-schwarz-only-icon-1.png","contentUrl":"https:\/\/shop.weingut-am-markt.de\/wp-content\/uploads\/2021\/10\/cropped-WAM-schwarz-only-icon-1.png","width":512,"height":512,"caption":"Weingut am Markt"},"image":{"@id":"https:\/\/shop.weingut-am-markt.de\/#\/schema\/logo\/image\/"}}]}},"jetpack_sharing_enabled":true,"_links":{"self":[{"href":"https:\/\/shop.weingut-am-markt.de\/de\/wp-json\/wp\/v2\/pages\/11","targetHints":{"allow":["GET"]}}],"collection":[{"href":"https:\/\/shop.weingut-am-markt.de\/de\/wp-json\/wp\/v2\/pages"}],"about":[{"href":"https:\/\/shop.weingut-am-markt.de\/de\/wp-json\/wp\/v2\/types\/page"}],"author":[{"embeddable":true,"href":"https:\/\/shop.weingut-am-markt.de\/de\/wp-json\/wp\/v2\/users\/1"}],"replies":[{"embeddable":true,"href":"https:\/\/shop.weingut-am-markt.de\/de\/wp-json\/wp\/v2\/comments?post=11"}],"version-history":[{"count":5,"href":"https:\/\/shop.weingut-am-markt.de\/de\/wp-json\/wp\/v2\/pages\/11\/revisions"}],"predecessor-version":[{"id":1062,"href":"https:\/\/shop.weingut-am-markt.de\/de\/wp-json\/wp\/v2\/pages\/11\/revisions\/1062"}],"wp:attachment":[{"href":"https:\/\/shop.weingut-am-markt.de\/de\/wp-json\/wp\/v2\/media?parent=11"}],"curies":[{"name":"wp","href":"https:\/\/api.w.org\/{rel}","templated":true}]}}