{"id":512,"date":"2021-06-09T19:59:12","date_gmt":"2021-06-09T18:59:12","guid":{"rendered":"https:\/\/shop.weingut-am-markt.de\/?page_id=512"},"modified":"2021-12-14T21:38:01","modified_gmt":"2021-12-14T20:38:01","slug":"zahlungsmethoden","status":"publish","type":"page","link":"https:\/\/shop.weingut-am-markt.de\/de\/zahlungsmethoden\/","title":{"rendered":"Zahlungsmethoden"},"content":{"rendered":"<h2 class=\"wp-block-heading\">Direkte Bank\u00fcberweisung<\/h2>\n\n\n\n<p>\u00dcberweisen Sie direkt an unsere Bankverbindung. Bitte nutzen Sie die Bestellnummer als Verwendungszweck. Ihre Bestellung wird erst nach Geldeingang auf unserem Konto versandt. <\/p>\n\n\n\n<h2 class=\"wp-block-heading\">Mit PayPal bezahlen (<a href=\"https:\/\/www.paypal.com\/de\/webapps\/mpp\/paypal-popup\">Was ist PayPal<\/a>)<\/h2>\n\n\n\n<p>Sollten Sie keinen Paypal-Account besitzen, k\u00f6nnen Sie auch mit Ihrer Kreditkarte bezahlen. <\/p>\n\n\n\n<h2 class=\"wp-block-heading\">Kreditkarte<\/h2>\n\n\n\n<p>Mit der Kreditkarte bezahlen<\/p>\n\n\n\n<h2 class=\"wp-block-heading\">SOFORT \u00dcberweisung<\/h2>\n\n\n\n<p>Sie k\u00f6nnen bequem ihre Bezahlung bei uns per SOFORT-\u00dcberweisung t\u00e4tigen. Sofort\u00fcberweisung ist eine der wichtigsten Direktzahlungsarten f\u00fcr Online-Zahlungen und funktioniert per Onlinebanking.<\/p>\n\n\n\n<h2 class=\"wp-block-heading\">GiroPay<\/h2>\n\n\n\n<p>Sie k\u00f6nnen auch per GiroPay bezahlen. Giropay ist ein Interbankensystem und die offizielle Onlinebanking-Implementierung deutscher Banken.<\/p>","protected":false},"excerpt":{"rendered":"<p>Direkte Bank\u00fcberweisung \u00dcberweisen Sie direkt an unsere Bankverbindung. Bitte nutzen Sie die Bestellnummer als Verwendungszweck. Ihre Bestellung wird erst nach Geldeingang auf unserem Konto versandt. Mit PayPal bezahlen (Was ist PayPal) Sollten Sie keinen Paypal-Account besitzen, k\u00f6nnen Sie auch mit Ihrer Kreditkarte bezahlen. Kreditkarte Mit der Kreditkarte bezahlen SOFORT \u00dcberweisung Sie k\u00f6nnen bequem ihre Bezahlung [&hellip;]<\/p>","protected":false},"author":1,"featured_media":0,"parent":0,"menu_order":0,"comment_status":"closed","ping_status":"closed","template":"","meta":{"footnotes":""},"class_list":["post-512","page","type-page","status-publish","hentry"],"yoast_head":"<!-- This site is optimized with the Yoast SEO plugin v27.5 - https:\/\/yoast.com\/product\/yoast-seo-wordpress\/ -->\n<title>Payment Methods - Weingut am Markt<\/title>\n<meta name=\"robots\" content=\"index, follow, max-snippet:-1, max-image-preview:large, max-video-preview:-1\" \/>\n<link rel=\"canonical\" href=\"https:\/\/shop.weingut-am-markt.de\/de\/zahlungsmethoden\/\" \/>\n<meta property=\"og:locale\" content=\"de_DE\" \/>\n<meta property=\"og:type\" content=\"article\" \/>\n<meta property=\"og:title\" content=\"Payment Methods - Weingut am Markt\" \/>\n<meta property=\"og:description\" content=\"Direkte Bank\u00fcberweisung \u00dcberweisen Sie direkt an unsere Bankverbindung. Bitte nutzen Sie die Bestellnummer als Verwendungszweck. Ihre Bestellung wird erst nach Geldeingang auf unserem Konto versandt. Mit PayPal bezahlen (Was ist PayPal) Sollten Sie keinen Paypal-Account besitzen, k\u00f6nnen Sie auch mit Ihrer Kreditkarte bezahlen. Kreditkarte Mit der Kreditkarte bezahlen SOFORT \u00dcberweisung Sie k\u00f6nnen bequem ihre Bezahlung [&hellip;]\" \/>\n<meta property=\"og:url\" content=\"https:\/\/shop.weingut-am-markt.de\/de\/zahlungsmethoden\/\" \/>\n<meta property=\"og:site_name\" content=\"Weingut am Markt\" \/>\n<meta property=\"article:modified_time\" content=\"2021-12-14T20:38:01+00:00\" \/>\n<meta name=\"twitter:card\" content=\"summary_large_image\" \/>\n<meta name=\"twitter:label1\" content=\"Gesch\u00e4tzte Lesezeit\" \/>\n\t<meta name=\"twitter:data1\" content=\"1\u00a0Minute\" \/>\n<script type=\"application\/ld+json\" class=\"yoast-schema-graph\">{\"@context\":\"https:\\\/\\\/schema.org\",\"@graph\":[{\"@type\":\"WebPage\",\"@id\":\"https:\\\/\\\/shop.weingut-am-markt.de\\\/zahlungsmethoden\\\/\",\"url\":\"https:\\\/\\\/shop.weingut-am-markt.de\\\/zahlungsmethoden\\\/\",\"name\":\"Payment Methods - Weingut am Markt\",\"isPartOf\":{\"@id\":\"https:\\\/\\\/shop.weingut-am-markt.de\\\/#website\"},\"datePublished\":\"2021-06-09T18:59:12+00:00\",\"dateModified\":\"2021-12-14T20:38:01+00:00\",\"breadcrumb\":{\"@id\":\"https:\\\/\\\/shop.weingut-am-markt.de\\\/zahlungsmethoden\\\/#breadcrumb\"},\"inLanguage\":\"de\",\"potentialAction\":[{\"@type\":\"ReadAction\",\"target\":[\"https:\\\/\\\/shop.weingut-am-markt.de\\\/zahlungsmethoden\\\/\"]}]},{\"@type\":\"BreadcrumbList\",\"@id\":\"https:\\\/\\\/shop.weingut-am-markt.de\\\/zahlungsmethoden\\\/#breadcrumb\",\"itemListElement\":[{\"@type\":\"ListItem\",\"position\":1,\"name\":\"Startseite\",\"item\":\"https:\\\/\\\/shop.weingut-am-markt.de\\\/\"},{\"@type\":\"ListItem\",\"position\":2,\"name\":\"Payment Methods\"}]},{\"@type\":\"WebSite\",\"@id\":\"https:\\\/\\\/shop.weingut-am-markt.de\\\/#website\",\"url\":\"https:\\\/\\\/shop.weingut-am-markt.de\\\/\",\"name\":\"Weingut am Markt\",\"description\":\"Online Shop\",\"publisher\":{\"@id\":\"https:\\\/\\\/shop.weingut-am-markt.de\\\/#organization\"},\"potentialAction\":[{\"@type\":\"SearchAction\",\"target\":{\"@type\":\"EntryPoint\",\"urlTemplate\":\"https:\\\/\\\/shop.weingut-am-markt.de\\\/?s={search_term_string}\"},\"query-input\":{\"@type\":\"PropertyValueSpecification\",\"valueRequired\":true,\"valueName\":\"search_term_string\"}}],\"inLanguage\":\"de\"},{\"@type\":\"Organization\",\"@id\":\"https:\\\/\\\/shop.weingut-am-markt.de\\\/#organization\",\"name\":\"Weingut am Markt\",\"url\":\"https:\\\/\\\/shop.weingut-am-markt.de\\\/\",\"logo\":{\"@type\":\"ImageObject\",\"inLanguage\":\"de\",\"@id\":\"https:\\\/\\\/shop.weingut-am-markt.de\\\/#\\\/schema\\\/logo\\\/image\\\/\",\"url\":\"https:\\\/\\\/shop.weingut-am-markt.de\\\/wp-content\\\/uploads\\\/2021\\\/10\\\/cropped-WAM-schwarz-only-icon-1.png\",\"contentUrl\":\"https:\\\/\\\/shop.weingut-am-markt.de\\\/wp-content\\\/uploads\\\/2021\\\/10\\\/cropped-WAM-schwarz-only-icon-1.png\",\"width\":512,\"height\":512,\"caption\":\"Weingut am Markt\"},\"image\":{\"@id\":\"https:\\\/\\\/shop.weingut-am-markt.de\\\/#\\\/schema\\\/logo\\\/image\\\/\"}}]}<\/script>\n<!-- \/ Yoast SEO plugin. -->","yoast_head_json":{"title":"Payment Methods - Weingut am Markt","robots":{"index":"index","follow":"follow","max-snippet":"max-snippet:-1","max-image-preview":"max-image-preview:large","max-video-preview":"max-video-preview:-1"},"canonical":"https:\/\/shop.weingut-am-markt.de\/de\/zahlungsmethoden\/","og_locale":"de_DE","og_type":"article","og_title":"Payment Methods - Weingut am Markt","og_description":"Direkte Bank\u00fcberweisung \u00dcberweisen Sie direkt an unsere Bankverbindung. Bitte nutzen Sie die Bestellnummer als Verwendungszweck. Ihre Bestellung wird erst nach Geldeingang auf unserem Konto versandt. Mit PayPal bezahlen (Was ist PayPal) Sollten Sie keinen Paypal-Account besitzen, k\u00f6nnen Sie auch mit Ihrer Kreditkarte bezahlen. Kreditkarte Mit der Kreditkarte bezahlen SOFORT \u00dcberweisung Sie k\u00f6nnen bequem ihre Bezahlung [&hellip;]","og_url":"https:\/\/shop.weingut-am-markt.de\/de\/zahlungsmethoden\/","og_site_name":"Weingut am Markt","article_modified_time":"2021-12-14T20:38:01+00:00","twitter_card":"summary_large_image","twitter_misc":{"Gesch\u00e4tzte Lesezeit":"1\u00a0Minute"},"schema":{"@context":"https:\/\/schema.org","@graph":[{"@type":"WebPage","@id":"https:\/\/shop.weingut-am-markt.de\/zahlungsmethoden\/","url":"https:\/\/shop.weingut-am-markt.de\/zahlungsmethoden\/","name":"Payment Methods - Weingut am Markt","isPartOf":{"@id":"https:\/\/shop.weingut-am-markt.de\/#website"},"datePublished":"2021-06-09T18:59:12+00:00","dateModified":"2021-12-14T20:38:01+00:00","breadcrumb":{"@id":"https:\/\/shop.weingut-am-markt.de\/zahlungsmethoden\/#breadcrumb"},"inLanguage":"de","potentialAction":[{"@type":"ReadAction","target":["https:\/\/shop.weingut-am-markt.de\/zahlungsmethoden\/"]}]},{"@type":"BreadcrumbList","@id":"https:\/\/shop.weingut-am-markt.de\/zahlungsmethoden\/#breadcrumb","itemListElement":[{"@type":"ListItem","position":1,"name":"Startseite","item":"https:\/\/shop.weingut-am-markt.de\/"},{"@type":"ListItem","position":2,"name":"Payment Methods"}]},{"@type":"WebSite","@id":"https:\/\/shop.weingut-am-markt.de\/#website","url":"https:\/\/shop.weingut-am-markt.de\/","name":"Weingut am Markt","description":"Online Shop","publisher":{"@id":"https:\/\/shop.weingut-am-markt.de\/#organization"},"potentialAction":[{"@type":"SearchAction","target":{"@type":"EntryPoint","urlTemplate":"https:\/\/shop.weingut-am-markt.de\/?s={search_term_string}"},"query-input":{"@type":"PropertyValueSpecification","valueRequired":true,"valueName":"search_term_string"}}],"inLanguage":"de"},{"@type":"Organization","@id":"https:\/\/shop.weingut-am-markt.de\/#organization","name":"Weingut am Markt","url":"https:\/\/shop.weingut-am-markt.de\/","logo":{"@type":"ImageObject","inLanguage":"de","@id":"https:\/\/shop.weingut-am-markt.de\/#\/schema\/logo\/image\/","url":"https:\/\/shop.weingut-am-markt.de\/wp-content\/uploads\/2021\/10\/cropped-WAM-schwarz-only-icon-1.png","contentUrl":"https:\/\/shop.weingut-am-markt.de\/wp-content\/uploads\/2021\/10\/cropped-WAM-schwarz-only-icon-1.png","width":512,"height":512,"caption":"Weingut am Markt"},"image":{"@id":"https:\/\/shop.weingut-am-markt.de\/#\/schema\/logo\/image\/"}}]}},"jetpack_sharing_enabled":true,"_links":{"self":[{"href":"https:\/\/shop.weingut-am-markt.de\/de\/wp-json\/wp\/v2\/pages\/512","targetHints":{"allow":["GET"]}}],"collection":[{"href":"https:\/\/shop.weingut-am-markt.de\/de\/wp-json\/wp\/v2\/pages"}],"about":[{"href":"https:\/\/shop.weingut-am-markt.de\/de\/wp-json\/wp\/v2\/types\/page"}],"author":[{"embeddable":true,"href":"https:\/\/shop.weingut-am-markt.de\/de\/wp-json\/wp\/v2\/users\/1"}],"replies":[{"embeddable":true,"href":"https:\/\/shop.weingut-am-markt.de\/de\/wp-json\/wp\/v2\/comments?post=512"}],"version-history":[{"count":6,"href":"https:\/\/shop.weingut-am-markt.de\/de\/wp-json\/wp\/v2\/pages\/512\/revisions"}],"predecessor-version":[{"id":938,"href":"https:\/\/shop.weingut-am-markt.de\/de\/wp-json\/wp\/v2\/pages\/512\/revisions\/938"}],"wp:attachment":[{"href":"https:\/\/shop.weingut-am-markt.de\/de\/wp-json\/wp\/v2\/media?parent=512"}],"curies":[{"name":"wp","href":"https:\/\/api.w.org\/{rel}","templated":true}]}}